{"id":2682,"date":"2022-11-08T17:57:03","date_gmt":"2022-11-08T10:57:03","guid":{"rendered":"https:\/\/greenvet.sharecode.io.vn\/?post_type=product&#038;p=2682"},"modified":"2022-11-08T17:57:04","modified_gmt":"2022-11-08T10:57:04","slug":"circolin","status":"publish","type":"product","link":"https:\/\/greenvet.sharecode.io.vn\/?product=circolin","title":{"rendered":"Circolin"},"content":{"rendered":"<p><strong>TH\u00c0NH PH\u1ea6N:<\/strong><\/p>\n<p>Trong 1 kg c\u00f3:<br \/>\nVitamin E \u2026\u2026\u2026\u2026\u2026\u2026\u2026\u2026\u2026\u2026..10.000 mg<br \/>\nVitamin C\u2026\u2026\u2026\u2026\u2026\u2026\u2026\u2026&#8230;\u2265 50.000 mg<br \/>\n\u0110\u1ea1m th\u00f4. \u2026\u2026\u2026\u2026\u2026\u2026\u2026\u2026\u2026\u2026\u2026&#8230;.\u2265 6,00%<br \/>\nX\u01a1 th\u00f4\u2026\u2026\u2026\u2026\u2026\u2026\u2026\u2026\u2026\u2026\u2026\u2026\u2026\u2026\u2026\u2026&#8230;\u2264 1,1%<br \/>\nCalicum \u2026\u2026\u2026\u2026\u2026\u2026\u2026\u2026\u2026\u2026..6,39 &#8211; 8,21 %<br \/>\nKho\u00e1ng t\u1ed5ng s\u1ed1\u2026\u2026\u2026\u2026\u2026\u2026\u2026. \u2264 40,00 %<br \/>\nCh\u1ea5t mang (CaCO3, C\u00e1m l\u00faa m\u00ec, Methyl doner, Vitamin nh\u00f3m B, th\u1ea3o d\u01b0\u1ee3c, kho\u00e1ng \u0111\u1eb7c bi\u1ec7t kh\u00e1c)<\/p>\n<p><strong>C\u00d4NG D\u1ee4NG:<\/strong><\/p>\n<p>Heo cai s\u1eefa: Ch\u1ed1ng c\u00f2i c\u1ecdc, t\u0103ng t\u1ef7 l\u1ec7 \u0111\u1ed3ng \u0111\u1ec1u, t\u0103ng kh\u1ea3 n\u0103ng kh\u00e1ng b\u1ec7nh \u0111\u1eb7c bi\u1ec7t \u1edf heo sau cai s\u1eefa ho\u1eb7c sau khi b\u1ecb nhi\u1ec5m virus. B\u1ea3o v\u1ec7 gan, t\u0103ng c\u01b0\u1eddng gi\u1ea3i \u0111\u1ed9c gan, heo \u0103n nhi\u1ec1u l\u1edbn nhanh, kh\u1ecfe m\u1ea1nh.<br \/>\nHeo n\u00e1i:<br \/>\nT\u0103ng c\u01b0\u1eddng trao \u0111\u1ed5i ch\u1ea5t, ch\u1ed1ng hao m\u00f2n heo (\u0111\u1eb7c bi\u1ec7t l\u00e0 s\u1ef1 thi\u1ebfu h\u1ee5t dinh d\u01b0\u1ee1ng khi gi\u1ea3m kh\u1ea9u ph\u1ea7n tr\u01b0\u1edbc khi sinh, v\u00e0 kh\u1ea9u ph\u1ea7n th\u1ea5p \u1edf giai \u0111o\u1ea1n ngay sau sinh)<br \/>\nH\u1ed7 tr\u1ee3 s\u1ef1 ph\u00e1t tri\u1ec3n c\u1ee7a nhau thai, b\u00e0o thai gi\u00fap t\u0103ng t\u00ednh \u0111\u1ed3ng \u0111\u1ec1u c\u1ee7a heo con.<br \/>\nT\u0103ng c\u01b0\u1eddng ho\u1ea1t \u0111\u1ed9ng gan gi\u00fap t\u0103ng ti\u1ebft s\u1eefa, t\u0103ng h\u1ea5p thu, t\u0103ng t\u1ef7 l\u1ec7 \u0111\u1ed3ng \u0111\u1ec1u heo con cai s\u1eefa.<\/p>\n<p><strong>C\u00c1CH D\u00d9NG:<\/strong><\/p>\n<p>Tr\u1ed9n v\u00e0o th\u1ee9c \u0103n ho\u1eb7c \u0103n tr\u1ef1c ti\u1ebfp (r\u1eafc l\u00ean c\u00e1m).<br \/>\nLi\u1ec1u chung: 3g\/kg th\u1ee9c \u0103n<br \/>\nHeo n\u00e1i: B\u1ed5 sung trong 3 giai \u0111o\u1ea1n sau:<br \/>\n&#8211; Giai \u0111o\u1ea1n mang thai k\u00ec I (Trong 30 ng\u00e0y \u0111\u1ea7u sau ph\u1ed1i).<br \/>\n&#8211; Giai \u0111o\u1ea1n mang thai k\u00ec II (T\u1eeb ng\u00e0y thai 95 \u0111\u1ebfn ng\u00e0y sinh) v\u00e0 b\u1ed5 sung trong 1 tu\u1ea7n sau sinh.<br \/>\nHeo cai s\u1eefa: B\u1ed5 sung trong 2 tu\u1ea7n \u1edf giai \u0111o\u1ea1n \u0111\u1ea7u sau cai s\u1eefa.<br \/>\nHeo th\u1ecbt: B\u1ed5 sung trong hai tu\u1ea7n \u0111\u1ea7u giai \u0111o\u1ea1n v\u1ed7 b\u00e9o v\u00e0 hai tu\u1ea7n \u1edf giai \u0111o\u1ea1n 60-70kg tr\u1ecdng l\u01b0\u1ee3ng.<\/p>\n<p><strong>QUY C\u00c1CH:<\/strong><\/p>\n<p>T\u00fai 1kg<\/p>\n<p><strong>S\u1ea2N XU\u1ea4T T\u1ea0I:<\/strong><\/p>\n<p>Nh\u00e0 m\u00e1y MIAVIT<\/p>\n","protected":false},"excerpt":{"rendered":"<p>Ch\u1ed1ng c\u00f2i, t\u0103ng mi\u1ec5n d\u1ecbch, t\u0103ng c\u01b0\u1eddng ch\u1ee9c n\u0103ng gan<\/p>\n","protected":false},"featured_media":2683,"comment_status":"open","ping_status":"closed","template":"","meta":[],"dang_san_pham":[120],"product_brand":[],"product_cat":[75,59,60,61,65],"product_tag":[316],"class_list":{"0":"post-2682","1":"product","2":"type-product","3":"status-publish","4":"has-post-thumbnail","6":"dang_san_pham-dang-bot-tron-thuc-an","7":"product_cat-san-pham-bo-tro","8":"product_cat-san-pham-cho-ga","9":"product_cat-san-pham-cho-heo","10":"product_cat-san-pham-cho-thuy-cam","11":"product_cat-san-pham-cho-vat-nuoi-khac","12":"product_tag-circolin","14":"first","15":"instock","16":"shipping-taxable","17":"product-type-simple"},"acf":[],"_links":{"self":[{"href":"https:\/\/greenvet.sharecode.io.vn\/index.php?rest_route=\/wp\/v2\/product\/2682","targetHints":{"allow":["GET"]}}],"collection":[{"href":"https:\/\/greenvet.sharecode.io.vn\/index.php?rest_route=\/wp\/v2\/product"}],"about":[{"href":"https:\/\/greenvet.sharecode.io.vn\/index.php?rest_route=\/wp\/v2\/types\/product"}],"replies":[{"embeddable":true,"href":"https:\/\/greenvet.sharecode.io.vn\/index.php?rest_route=%2Fwp%2Fv2%2Fcomments&post=2682"}],"wp:featuredmedia":[{"embeddable":true,"href":"https:\/\/greenvet.sharecode.io.vn\/index.php?rest_route=\/wp\/v2\/media\/2683"}],"wp:attachment":[{"href":"https:\/\/greenvet.sharecode.io.vn\/index.php?rest_route=%2Fwp%2Fv2%2Fmedia&parent=2682"}],"wp:term":[{"taxonomy":"dang_san_pham","embeddable":true,"href":"https:\/\/greenvet.sharecode.io.vn\/index.php?rest_route=%2Fwp%2Fv2%2Fdang_san_pham&post=2682"},{"taxonomy":"product_brand","embeddable":true,"href":"https:\/\/greenvet.sharecode.io.vn\/index.php?rest_route=%2Fwp%2Fv2%2Fproduct_brand&post=2682"},{"taxonomy":"product_cat","embeddable":true,"href":"https:\/\/greenvet.sharecode.io.vn\/index.php?rest_route=%2Fwp%2Fv2%2Fproduct_cat&post=2682"},{"taxonomy":"product_tag","embeddable":true,"href":"https:\/\/greenvet.sharecode.io.vn\/index.php?rest_route=%2Fwp%2Fv2%2Fproduct_tag&post=2682"}],"curies":[{"name":"wp","href":"https:\/\/api.w.org\/{rel}","templated":true}]}}