{"id":2684,"date":"2022-11-09T11:56:47","date_gmt":"2022-11-09T04:56:47","guid":{"rendered":"https:\/\/greenvet.sharecode.io.vn\/?post_type=product&#038;p=2684"},"modified":"2022-11-09T11:56:47","modified_gmt":"2022-11-09T04:56:47","slug":"e-lac","status":"publish","type":"product","link":"https:\/\/greenvet.sharecode.io.vn\/?product=e-lac","title":{"rendered":"E.lac"},"content":{"rendered":"<p><strong>TH\u00c0NH PH\u1ea6N:<\/strong><\/p>\n<p>Trong 1 kg c\u00f3 ch\u1ee9a:<br \/>\nLactobacillus s\u1ed1ng (min) 108 CFU; Bacillus subtilis b\u00e0o t\u1eed (min) 108 CFU; Bacillus clausii b\u00e0o t\u1eed (min) 108 CFU; Vitamin B1 (min) 1.200 mg; Vitamin K3 (min) 850 mg<\/p>\n<p><strong>C\u00d4NG D\u1ee4NG:<\/strong><\/p>\n<p>B\u1ed5 sung tr\u1ef1c ti\u1ebfp vi khu\u1ea9n s\u1ed1ng c\u00f3 l\u1ee3i \u0111\u1ec3 c\u1ea1nh tranh v\u1edbi vi khu\u1ea9n g\u00e2y b\u1ec7nh, l\u00e0m gi\u1ea3m ti\u00eau ch\u1ea3y, ch\u1ed1ng r\u1ed1i lo\u1ea1n ti\u00eau h\u00f3a, h\u1ea5p thu tri\u1ec7t \u0111\u1ec3 dinh d\u01b0\u1ee1ng th\u1ee9c \u0103n, l\u00e0m gi\u1ea3m l\u01b0\u1ee3ng \u0111\u1ea1m d\u01b0 th\u1eeba trong ph\u00e2n, gi\u1ea3m m\u00f9i h\u00f4i chu\u1ed3ng nu\u00f4i. C\u1ea5y men s\u1ed1ng E.Lac cho heo 1 ng\u00e0y tu\u1ed5i, gi\u00fap ph.ng ti\u00eau ch\u1ea3y heo con trong giai \u0111o\u1ea1n theo m\u1eb9.<\/p>\n<p><strong>C\u00c1CH D\u00d9NG:<\/strong><\/p>\n<p>Tr\u1ed9n v\u00e0o th\u1ee9c \u0103n.<br \/>\nHeo con 1 ng\u00e0y tu\u1ed5i: H\u00f2a tan 10 g E.Lac v\u1edbi n\u01b0\u1edbc \u1ea5m cho 1 \u1ed5 heo con (1 ml\/con).<br \/>\nHeo choai v\u00e0 heo th\u1ecbt: 100 g tr\u1ed9n 100-200 kg th\u1ee9c \u0103n.<br \/>\nV\u1edbi tr\u00e2u, b\u00f2: G\u00f3i 10 g\/50-100 kg th\u1ec3 tr\u1ecdng.<br \/>\nV\u1edbi g\u00e0, v\u1ecbt, ngan, c\u00fat: 1 g\/t\u1ea5n th\u1ee9c \u0103n h\u1ed7n h\u1ee3p.<\/p>\n<p><strong>QUY C\u00c1CH:<\/strong><\/p>\n<p>G\u00f3i 10gr, 1kg (10x100g)<\/p>\n<p><strong>S\u1ea2N XU\u1ea4T T\u1ea0I:<\/strong><\/p>\n<p>Nh\u00e0 m\u00e1y MEDION VIETNAM<\/p>\n","protected":false},"excerpt":{"rendered":"<p>B\u1ed5 sung tr\u1ef1c ti\u1ebfp vi khu\u1ea9n s\u1ed1ng c\u00f3 l\u1ee3i \u0111\u1ec3 c\u1ea1nh tranh v\u1edbi vi khu\u1ea9n g\u00e2y b\u1ec7nh&#8230;.<\/p>\n","protected":false},"featured_media":2685,"comment_status":"open","ping_status":"closed","template":"","meta":[],"dang_san_pham":[120],"product_brand":[],"product_cat":[75,62,59,60,61,65],"product_tag":[317],"class_list":{"0":"post-2684","1":"product","2":"type-product","3":"status-publish","4":"has-post-thumbnail","6":"dang_san_pham-dang-bot-tron-thuc-an","7":"product_cat-san-pham-bo-tro","8":"product_cat-san-pham-cho-dai-gia-suc","9":"product_cat-san-pham-cho-ga","10":"product_cat-san-pham-cho-heo","11":"product_cat-san-pham-cho-thuy-cam","12":"product_cat-san-pham-cho-vat-nuoi-khac","13":"product_tag-e-lac","15":"first","16":"instock","17":"shipping-taxable","18":"product-type-simple"},"acf":[],"_links":{"self":[{"href":"https:\/\/greenvet.sharecode.io.vn\/index.php?rest_route=\/wp\/v2\/product\/2684","targetHints":{"allow":["GET"]}}],"collection":[{"href":"https:\/\/greenvet.sharecode.io.vn\/index.php?rest_route=\/wp\/v2\/product"}],"about":[{"href":"https:\/\/greenvet.sharecode.io.vn\/index.php?rest_route=\/wp\/v2\/types\/product"}],"replies":[{"embeddable":true,"href":"https:\/\/greenvet.sharecode.io.vn\/index.php?rest_route=%2Fwp%2Fv2%2Fcomments&post=2684"}],"wp:featuredmedia":[{"embeddable":true,"href":"https:\/\/greenvet.sharecode.io.vn\/index.php?rest_route=\/wp\/v2\/media\/2685"}],"wp:attachment":[{"href":"https:\/\/greenvet.sharecode.io.vn\/index.php?rest_route=%2Fwp%2Fv2%2Fmedia&parent=2684"}],"wp:term":[{"taxonomy":"dang_san_pham","embeddable":true,"href":"https:\/\/greenvet.sharecode.io.vn\/index.php?rest_route=%2Fwp%2Fv2%2Fdang_san_pham&post=2684"},{"taxonomy":"product_brand","embeddable":true,"href":"https:\/\/greenvet.sharecode.io.vn\/index.php?rest_route=%2Fwp%2Fv2%2Fproduct_brand&post=2684"},{"taxonomy":"product_cat","embeddable":true,"href":"https:\/\/greenvet.sharecode.io.vn\/index.php?rest_route=%2Fwp%2Fv2%2Fproduct_cat&post=2684"},{"taxonomy":"product_tag","embeddable":true,"href":"https:\/\/greenvet.sharecode.io.vn\/index.php?rest_route=%2Fwp%2Fv2%2Fproduct_tag&post=2684"}],"curies":[{"name":"wp","href":"https:\/\/api.w.org\/{rel}","templated":true}]}}