{"id":2687,"date":"2022-11-09T15:14:33","date_gmt":"2022-11-09T08:14:33","guid":{"rendered":"https:\/\/greenvet.sharecode.io.vn\/?post_type=product&#038;p=2687"},"modified":"2022-11-09T15:14:34","modified_gmt":"2022-11-09T08:14:34","slug":"safe-guard","status":"publish","type":"product","link":"https:\/\/greenvet.sharecode.io.vn\/?product=safe-guard","title":{"rendered":"Safe Guard"},"content":{"rendered":"<p><strong>TH\u00c0NH PH\u1ea6N:<\/strong><\/p>\n<p>Trong 1 kg c\u00f3 ch\u1ee9a:<br \/>\nEnterococcus faecium (min)\u2026\u2026\u2026 10^4 CFU;<br \/>\nLactobacillus acidophilus (min) \u2026..10^4 CFU;<br \/>\nBacillus subtilis (min) \u2026\u2026\u2026\u2026.\u2026..10^4 CFU;<br \/>\nTh\u1ea3o d\u01b0\u1ee3c v\u00e0 tinh d\u1ea7u th\u1ea3o d\u01b0\u1ee3c (qu\u1ebf, h\u1ed3i, h\u01b0\u01a1ng nhu, x\u1ea3) (min) \u2026\u2026\u2026\u2026..15.000 mg<\/p>\n<p><strong>C\u00d4NG D\u1ee4NG:<\/strong><\/p>\n<p>&#8211; Heo n\u00e1i : S\u00e1t khu\u1ea9n, h\u1ea1n ch\u1ebf vi\u00eam nhi\u1ec5m \u0111\u01b0\u1eddng sinh d\u1ee5c, kh\u1eed m\u00f9i.<br \/>\n&#8211; Heo s\u01a1 sinh: Gi\u1eef \u1ea5m, s\u00e1t khu\u1ea9n, nhanh kh\u00f4 r\u1ed1n, nhanh b\u00fa v\u00e0 t\u1ea1o c\u1ea3m gi\u00e1c tho\u1ea3i m\u00e1i cho heo con ngay khi m\u1edbi sinh, ph\u00f2ng ti\u00eau ch\u1ea3y h\u1eefu hi\u1ec7u<br \/>\n&#8211; Heo cai s\u1eefa v\u00e0 heo th\u1ecbt: L\u00e0m kh\u00f4, kh\u1eed m\u00f9i h\u00f4i chu\u1ed3ng nu\u00f4i, gi\u1ea3m stress, ch\u1ed1ng hi\u1ec7n t\u01b0\u1ee3ng c\u1eafn nhau khi nh\u1eadp \u0111\u00e0n v\u00e0 ph\u00f2ng ti\u00eau ch\u1ea3y.<br \/>\n&#8211; B\u00f2: S\u00e1t tr\u00f9ng, ph\u00f2ng ng\u1eeba vi\u00eam v\u00fa v\u00e0 vi\u00eam m\u00f3ng h\u1eefu hi\u1ec7u, h\u1ea1n ch\u1ebf ph\u00e1t tri\u1ec3n t\u00e1c nh\u00e2n g\u00e2y b\u1ec7nh, t\u1ea1o m\u00f4i tr\u01b0\u1eddng kh\u00f4 r\u00e1o, tho\u00e1ng m\u00e1t, s\u1ea1ch s\u1ebd.<br \/>\n&#8211; G\u00e0, v\u1ecbt: Kh\u1eed m\u00f9i h\u00f4i, h\u00fat \u1ea9m, gi\u1ea3m chi ph\u00ed ch\u1ea5t \u0111\u1ed9n chu\u1ed3ng nu\u00f4i, h\u1ea1n ch\u1ebf s\u1ef1 ph\u00e1t tri\u1ec3n c\u1ee7a no\u00e3n nang c\u1ea7u tr\u00f9ng, ti\u00eau di\u1ec7t c\u00e1c vi khu\u1ea9n g\u00e2y b\u1ec7nh E.coli, th\u01b0\u01a1ng h\u00e0n, r\u1ed1i lo\u1ea1n h\u00f4 h\u1ea5p, t\u1ed5n th\u01b0\u01a1ng gan b\u00e0n ch\u00e2n.<\/p>\n<p><strong>C\u00c1CH D\u00d9NG:<\/strong><\/p>\n<p>&#8211; Heo n\u00e1i: Xoa b\u1ed9t v\u00e0o m\u00f4ng v\u00e0 xung quanh c\u01a1 quan sinh d\u1ee5c, \u00e2m h\u1ed9 c\u1ee7a n\u00e1i sau khi sinh.<br \/>\n&#8211; Heo s\u01a1 sinh: Xoa b\u1ed9t l\u00ean kh\u1eafp m\u00ecnh heo con, 1 kg\/10-25 heo con.<br \/>\n&#8211; Heo, tr\u00e2u b\u00f2: R\u1eafc l\u00ean n\u1ec1n chu\u1ed3ng, phun l\u00ean kh\u00f4ng kh\u00ed \u0111inh k\u1ef3 1-2 l\u1ea7n\/tu\u1ea7n, ho\u1eb7c khi c\u00f3 nguy c\u01a1 x\u1ea3y ra d\u1ecbch b\u1ec7nh.<br \/>\nG\u00e0, v\u1ecbt: R\u1eafc l\u00ean n\u1ec1n chu\u1ed3ng, tr\u00ean m\u1eb7t tr\u1ea5u ho\u1eb7c phun l\u00ean kh\u00f4ng kh\u00ed, \u0111\u1eb7c bi\u1ec7t xung quanh v\u1ecb tr\u00ed m\u00e1ng \u0103n u\u1ed1ng li\u1ec1u 100 g\/m2 chu\u1ed3ng nu\u00f4i.<\/p>\n<p><strong>QUY C\u00c1CH:<\/strong><\/p>\n<p>G\u00f3i 1kg (bao 25 g\u00f3i)<\/p>\n<p><strong>S\u1ea2N XU\u1ea4T T\u1ea0I:<\/strong><\/p>\n<p>Nh\u00e0 m\u00e1y MEDION VIETNAM<\/p>\n","protected":false},"excerpt":{"rendered":"<p>B\u1ed9t h\u00fat \u1ea9m, gi\u1eef \u1ea5m heo con, kh\u1eed m\u00f9i h\u00f4i, x\u1eed l\u00fd ch\u1ea5t \u0111\u1ed9n chu\u1ed3ng<\/p>\n","protected":false},"featured_media":2688,"comment_status":"open","ping_status":"closed","template":"","meta":[],"dang_san_pham":[121],"product_brand":[],"product_cat":[62,59,60,61,65,73],"product_tag":[320,319,318],"class_list":{"0":"post-2687","1":"product","2":"type-product","3":"status-publish","4":"has-post-thumbnail","6":"dang_san_pham-dang-khac","7":"product_cat-san-pham-cho-dai-gia-suc","8":"product_cat-san-pham-cho-ga","9":"product_cat-san-pham-cho-heo","10":"product_cat-san-pham-cho-thuy-cam","11":"product_cat-san-pham-cho-vat-nuoi-khac","12":"product_cat-thuoc-sat-trung","13":"product_tag-guard","14":"product_tag-safe","15":"product_tag-safe-guard","17":"first","18":"instock","19":"shipping-taxable","20":"product-type-simple"},"acf":[],"_links":{"self":[{"href":"https:\/\/greenvet.sharecode.io.vn\/index.php?rest_route=\/wp\/v2\/product\/2687","targetHints":{"allow":["GET"]}}],"collection":[{"href":"https:\/\/greenvet.sharecode.io.vn\/index.php?rest_route=\/wp\/v2\/product"}],"about":[{"href":"https:\/\/greenvet.sharecode.io.vn\/index.php?rest_route=\/wp\/v2\/types\/product"}],"replies":[{"embeddable":true,"href":"https:\/\/greenvet.sharecode.io.vn\/index.php?rest_route=%2Fwp%2Fv2%2Fcomments&post=2687"}],"wp:featuredmedia":[{"embeddable":true,"href":"https:\/\/greenvet.sharecode.io.vn\/index.php?rest_route=\/wp\/v2\/media\/2688"}],"wp:attachment":[{"href":"https:\/\/greenvet.sharecode.io.vn\/index.php?rest_route=%2Fwp%2Fv2%2Fmedia&parent=2687"}],"wp:term":[{"taxonomy":"dang_san_pham","embeddable":true,"href":"https:\/\/greenvet.sharecode.io.vn\/index.php?rest_route=%2Fwp%2Fv2%2Fdang_san_pham&post=2687"},{"taxonomy":"product_brand","embeddable":true,"href":"https:\/\/greenvet.sharecode.io.vn\/index.php?rest_route=%2Fwp%2Fv2%2Fproduct_brand&post=2687"},{"taxonomy":"product_cat","embeddable":true,"href":"https:\/\/greenvet.sharecode.io.vn\/index.php?rest_route=%2Fwp%2Fv2%2Fproduct_cat&post=2687"},{"taxonomy":"product_tag","embeddable":true,"href":"https:\/\/greenvet.sharecode.io.vn\/index.php?rest_route=%2Fwp%2Fv2%2Fproduct_tag&post=2687"}],"curies":[{"name":"wp","href":"https:\/\/api.w.org\/{rel}","templated":true}]}}