{"id":2695,"date":"2022-11-09T15:54:21","date_gmt":"2022-11-09T08:54:21","guid":{"rendered":"https:\/\/greenvet.sharecode.io.vn\/?post_type=product&#038;p=2695"},"modified":"2022-11-09T15:54:21","modified_gmt":"2022-11-09T08:54:21","slug":"ecofarm","status":"publish","type":"product","link":"https:\/\/greenvet.sharecode.io.vn\/?product=ecofarm","title":{"rendered":"Ch\u1ebf ph\u1ea9m sinh h\u1ecdc Eco farm"},"content":{"rendered":"<p><strong>TH\u00c0NH PH\u1ea6N:<\/strong><\/p>\n<p>Trong 1 g c\u00f3<br \/>\nBacillus subtilis (min) &#8230;&#8230;&#8230;&#8230;&#8230;&#8230;&#8230;&#8230;&#8230;107 CFU<br \/>\nBacillus licheniformis (min) &#8230;&#8230;&#8230;&#8230;&#8230;.. 107 CFU<br \/>\nSaccharomyces cerevisiae (min) &#8230;&#8230;&#8230;107 CFU<br \/>\nLactobacillus acidophilus (min) &#8230;&#8230;&#8230; 103 CFU<\/p>\n<p><strong>C\u00d4NG D\u1ee4NG:<\/strong><\/p>\n<p>Men vi sinh x\u1eed l\u00fd \u0111\u1ec7m l\u00f3t v\u00e0 m\u00f4i tr\u01b0\u1eddng chu\u1ed3ng nu\u00f4i g\u00e0, V\u1ecbt, ngan, c\u00fat, heo, tr\u00e2u, b\u00f2<\/p>\n<p><strong>C\u00c1CH D\u00d9NG:<\/strong><\/p>\n<p>\u0110\u1ec7m l\u00f3t sinh h\u1ecdc: R\u1ea3i \u0111\u1ec1u ch\u1ea5t \u0111\u1ed9n (tr\u1ea5u, m\u00f9n c\u01b0a&#8230;) d\u00e0y 5-10 cm. D\u00f9ng 200 g r\u1ea3i \u0111\u1ec1u cho 150-200 m2. B\u1ed5 sung \u0111\u1ecbnh k\u1ef3 khi c\u1ea7n (1 th\u00e1ng 1 l\u1ea7n).<br \/>\nX\u1eed l\u00fd b\u1ec3 Biogas, ao, h\u1ed3 \u00f4 nhi\u1ec5m: 1 g\u00f3i 200 g d\u00f9ng cho 10-20 m3 b\u1ec3.<br \/>\n\u1ee6 ph\u00e2n: 200 g h\u00f2a \u0111\u1ec1u v\u1edbi 200 l\u00edt n\u01b0\u1edbc phun \u0111\u1ec1u cho 1-1,5 t\u1ea5n nguy\u00ean li\u1ec7u. Che k\u00edn \u0111\u1ed1ng \u1ee7 sau 20-30 ng\u00e0y c\u00f3 th\u1ec3 d\u00f9ng \u0111\u01b0\u1ee3c.<br \/>\nX\u1eed l\u00fd \u00f4 nhi\u1ec5m n\u01b0\u1edbc ao nu\u00f4i: Trong 3 ng\u00e0y \u0111\u1ea7u, d\u00f9ng 200-300 gam ch\u1ebf ph\u1ea9m\/m\u1ed7i ng\u00e0y, r\u1eafc \u0111\u1ec1u cho 300-400 m2 ao nu\u00f4i. Trong c\u00e1c ng\u00e0y ti\u1ebfp theo c\u00f3 th\u1ec3 gi\u1ea3m 1\/2 &#8211; 1\/3 so v\u1edbi ng\u00e0y \u0111\u1ea7u.<\/p>\n<p><strong>QUY C\u00c1CH:<\/strong><\/p>\n<p>G\u00f3i 1kg (5x200g)<\/p>\n<p><strong>S\u1ea2N XU\u1ea4T T\u1ea0I:<\/strong><\/p>\n<p>Nh\u00e0 m\u00e1y MEDION VIETNAM<\/p>\n","protected":false},"excerpt":{"rendered":"<p>Men vi sinh x\u1eed l\u00fd \u0111\u1ec7m l\u00f3t v\u00e0 m\u00f4i tr\u01b0\u1eddng chu\u1ed3ng nu\u00f4i g\u00e0&#8230;<\/p>\n","protected":false},"featured_media":2696,"comment_status":"open","ping_status":"closed","template":"","meta":[],"dang_san_pham":[121],"product_brand":[],"product_cat":[62,59,60,61,65,73],"product_tag":[328,329,326,327],"class_list":{"0":"post-2695","1":"product","2":"type-product","3":"status-publish","4":"has-post-thumbnail","6":"dang_san_pham-dang-khac","7":"product_cat-san-pham-cho-dai-gia-suc","8":"product_cat-san-pham-cho-ga","9":"product_cat-san-pham-cho-heo","10":"product_cat-san-pham-cho-thuy-cam","11":"product_cat-san-pham-cho-vat-nuoi-khac","12":"product_cat-thuoc-sat-trung","13":"product_tag-che-pham-sinh-hoc","14":"product_tag-che-pham-sinh-hoc-eco","15":"product_tag-che-pham-sinh-hoc-eco-farm","16":"product_tag-eco-farm","18":"first","19":"instock","20":"shipping-taxable","21":"product-type-simple"},"acf":[],"_links":{"self":[{"href":"https:\/\/greenvet.sharecode.io.vn\/index.php?rest_route=\/wp\/v2\/product\/2695","targetHints":{"allow":["GET"]}}],"collection":[{"href":"https:\/\/greenvet.sharecode.io.vn\/index.php?rest_route=\/wp\/v2\/product"}],"about":[{"href":"https:\/\/greenvet.sharecode.io.vn\/index.php?rest_route=\/wp\/v2\/types\/product"}],"replies":[{"embeddable":true,"href":"https:\/\/greenvet.sharecode.io.vn\/index.php?rest_route=%2Fwp%2Fv2%2Fcomments&post=2695"}],"wp:featuredmedia":[{"embeddable":true,"href":"https:\/\/greenvet.sharecode.io.vn\/index.php?rest_route=\/wp\/v2\/media\/2696"}],"wp:attachment":[{"href":"https:\/\/greenvet.sharecode.io.vn\/index.php?rest_route=%2Fwp%2Fv2%2Fmedia&parent=2695"}],"wp:term":[{"taxonomy":"dang_san_pham","embeddable":true,"href":"https:\/\/greenvet.sharecode.io.vn\/index.php?rest_route=%2Fwp%2Fv2%2Fdang_san_pham&post=2695"},{"taxonomy":"product_brand","embeddable":true,"href":"https:\/\/greenvet.sharecode.io.vn\/index.php?rest_route=%2Fwp%2Fv2%2Fproduct_brand&post=2695"},{"taxonomy":"product_cat","embeddable":true,"href":"https:\/\/greenvet.sharecode.io.vn\/index.php?rest_route=%2Fwp%2Fv2%2Fproduct_cat&post=2695"},{"taxonomy":"product_tag","embeddable":true,"href":"https:\/\/greenvet.sharecode.io.vn\/index.php?rest_route=%2Fwp%2Fv2%2Fproduct_tag&post=2695"}],"curies":[{"name":"wp","href":"https:\/\/api.w.org\/{rel}","templated":true}]}}