{"id":2700,"date":"2022-11-09T16:20:58","date_gmt":"2022-11-09T09:20:58","guid":{"rendered":"https:\/\/greenvet.sharecode.io.vn\/?post_type=product&#038;p=2700"},"modified":"2022-11-09T16:20:59","modified_gmt":"2022-11-09T09:20:59","slug":"fra-acid-ph-dw-liquid","status":"publish","type":"product","link":"https:\/\/greenvet.sharecode.io.vn\/?product=fra-acid-ph-dw-liquid","title":{"rendered":"FRA\u00ae Acid pH DW liquid"},"content":{"rendered":"<p><strong>TH\u00c0NH PH\u1ea6N:<\/strong><\/p>\n<p>Trong 1 kg c\u00f3 ch\u1ee9a:<br \/>\nFormic acid (min) &#8230;&#8230;310.000 mg<br \/>\nAcetic acid &#8230;&#8230;&#8230;&#8230;&#8230;&#8230;80.000 mg<br \/>\nLactic acid &#8230;&#8230;&#8230;&#8230;&#8230;.190.000 mg<\/p>\n<p><strong>C\u00d4NG D\u1ee4NG:<\/strong><\/p>\n<p>Di\u1ec7t vi khu\u1ea9n g\u00e2y b\u1ec7nh, virus v\u00e0 n\u1ea5m, \u0111\u1eb7c bi\u1ec7t v\u1edbi c\u00e1c vi khu\u1ea9n g\u00e2y b\u1ec7nh ti\u00eau ch\u1ea3y th\u01b0\u01a1ng h\u00e0n, vi\u00eam ru\u1ed9t do E.coli, Salmonella, Clostridium perfingens&#8230;trong n\u01b0\u1edbc u\u1ed1ng.<br \/>\nGi\u1eef \u0111\u01b0\u1eddng n\u01b0\u1edbc u\u1ed1ng lu\u00f4n s\u1ea1ch: kh\u00f4ng c\u00f2n \u0111\u00f3ng c\u1eb7n, r\u00eau nh\u1edbt, m\u1ea3ng b\u00e1m.<br \/>\nK\u00edch th\u00edch t\u00ednh th\u00e8m \u0103n, t\u0103ng kh\u1ea3 n\u0103ng ti\u00eau h\u00f3a th\u1ee9c \u0103n<\/p>\n<p><strong>C\u00c1CH D\u00d9NG:<\/strong><\/p>\n<p>Pha n\u01b0\u1edbc u\u1ed1ng li\u1ec1u cho gia s\u00fac, gia c\u1ea7m: 1-3 ml\/1 l\u00edt n\u01b0\u1edbc u\u1ed1ng<\/p>\n<p><strong>QUY C\u00c1CH:<\/strong><\/p>\n<p>Chai 1 l\u00edt, can 5 lit<\/p>\n<p><strong>S\u1ea2N XU\u1ea4T T\u1ea0I:<\/strong><\/p>\n<p>Nh\u00e0 m\u00e1y FRAMELCO<\/p>\n","protected":false},"excerpt":{"rendered":"<p>L\u00e0m s\u1ea1ch n\u01b0\u1edbc, ti\u00eau h\u00f3a t\u1ed1t, h\u1ebft lo t\u1eafc n\u01b0\u1edbc u\u1ed1ng<\/p>\n","protected":false},"featured_media":2701,"comment_status":"open","ping_status":"closed","template":"","meta":[],"dang_san_pham":[117],"product_brand":[],"product_cat":[62,59,60,61,65,73],"product_tag":[337,336,335],"class_list":{"0":"post-2700","1":"product","2":"type-product","3":"status-publish","4":"has-post-thumbnail","6":"dang_san_pham-dang-dung-dich","7":"product_cat-san-pham-cho-dai-gia-suc","8":"product_cat-san-pham-cho-ga","9":"product_cat-san-pham-cho-heo","10":"product_cat-san-pham-cho-thuy-cam","11":"product_cat-san-pham-cho-vat-nuoi-khac","12":"product_cat-thuoc-sat-trung","13":"product_tag-fra-acid","14":"product_tag-fra-acid-ph","15":"product_tag-fra-acid-ph-dw-liquid","17":"first","18":"instock","19":"shipping-taxable","20":"product-type-simple"},"acf":[],"_links":{"self":[{"href":"https:\/\/greenvet.sharecode.io.vn\/index.php?rest_route=\/wp\/v2\/product\/2700","targetHints":{"allow":["GET"]}}],"collection":[{"href":"https:\/\/greenvet.sharecode.io.vn\/index.php?rest_route=\/wp\/v2\/product"}],"about":[{"href":"https:\/\/greenvet.sharecode.io.vn\/index.php?rest_route=\/wp\/v2\/types\/product"}],"replies":[{"embeddable":true,"href":"https:\/\/greenvet.sharecode.io.vn\/index.php?rest_route=%2Fwp%2Fv2%2Fcomments&post=2700"}],"wp:featuredmedia":[{"embeddable":true,"href":"https:\/\/greenvet.sharecode.io.vn\/index.php?rest_route=\/wp\/v2\/media\/2701"}],"wp:attachment":[{"href":"https:\/\/greenvet.sharecode.io.vn\/index.php?rest_route=%2Fwp%2Fv2%2Fmedia&parent=2700"}],"wp:term":[{"taxonomy":"dang_san_pham","embeddable":true,"href":"https:\/\/greenvet.sharecode.io.vn\/index.php?rest_route=%2Fwp%2Fv2%2Fdang_san_pham&post=2700"},{"taxonomy":"product_brand","embeddable":true,"href":"https:\/\/greenvet.sharecode.io.vn\/index.php?rest_route=%2Fwp%2Fv2%2Fproduct_brand&post=2700"},{"taxonomy":"product_cat","embeddable":true,"href":"https:\/\/greenvet.sharecode.io.vn\/index.php?rest_route=%2Fwp%2Fv2%2Fproduct_cat&post=2700"},{"taxonomy":"product_tag","embeddable":true,"href":"https:\/\/greenvet.sharecode.io.vn\/index.php?rest_route=%2Fwp%2Fv2%2Fproduct_tag&post=2700"}],"curies":[{"name":"wp","href":"https:\/\/api.w.org\/{rel}","templated":true}]}}