{"id":2703,"date":"2022-11-09T16:30:59","date_gmt":"2022-11-09T09:30:59","guid":{"rendered":"https:\/\/greenvet.sharecode.io.vn\/?post_type=product&#038;p=2703"},"modified":"2022-11-09T16:30:59","modified_gmt":"2022-11-09T09:30:59","slug":"vetpro","status":"publish","type":"product","link":"https:\/\/greenvet.sharecode.io.vn\/?product=vetpro","title":{"rendered":"Vetpro"},"content":{"rendered":"<p><strong>TH\u00c0NH PH\u1ea6N:<\/strong><\/p>\n<p>M\u1ed7i 1 g c\u00f3 ch\u1ee9a:<br \/>\nAmprolium \u2026600 mg<br \/>\nT\u00e1 d\u01b0\u1ee3c v\u1eeba \u0111\u1ee7\u20261 g<\/p>\n<p><strong>C\u00d4NG D\u1ee4NG:<\/strong><\/p>\n<p>\u0110\u1eb7c tr\u1ecb c\u1ea7u tr\u00f9ng manh tr\u00e0ng, c\u1ea7u tr\u00f9ng ru\u1ed9t non tr\u00ean g\u00e0 h\u1eadu b\u1ecb, g\u00e0 \u0111\u1ebb, g\u00e0 gi\u1ed1ng, g\u00e0 th\u1ecbt v\u00e0 g\u00e0 t\u00e2y<\/p>\n<p><strong>C\u00c1CH D\u00d9NG:<\/strong><\/p>\n<p>Pha n\u01b0\u1edbc u\u1ed1ng<br \/>\nGia s\u00fac, d\u00ea c\u1eebu:<br \/>\nPh\u00f2ng b\u1ec7nh: 1 g\/60 kg th\u1ec3 tr\u1ecdng pha v\u1edbi n\u01b0\u1edbc ho\u1eb7c s\u1eefa trong 21 ng\u00e0y.<br \/>\nTr\u1ecb b\u1ec7nh: 1 g\/30 kg th\u1ec3 tr\u1ecdng pha v\u1edbi n\u01b0\u1edbc u\u1ed1ng ho\u1eb7c s\u1eefa trong 5 ng\u00e0y.<br \/>\nGia c\u1ea7m:<br \/>\nPh\u00f2ng b\u1ec7nh: 1 kg\/ 5000 l\u00edt n\u01b0\u1edbc u\u1ed1ng trong 1-2 tu\u1ea7n.<br \/>\nTr\u1ecb b\u1ec7nh: 1 kg\/ 1250 \u2013 2500 l\u00edt n\u01b0\u1edbc d\u00f9ng trong 5-7 ng\u00e0y.<\/p>\n<p><strong>QUY C\u00c1CH:<\/strong><\/p>\n<p>H\u0169 1kg (10x100g)<\/p>\n<p><strong>S\u1ea2N XU\u1ea4T T\u1ea0I:<\/strong><\/p>\n<p>Nh\u00e0 m\u00e1y VEKO &#8211; \u1ea4n \u0110\u1ed9<\/p>\n","protected":false},"excerpt":{"rendered":"<p>\u0110\u1eb7c tr\u1ecb c\u1ea7u tr\u00f9ng manh tr\u00e0ng, c\u1ea7u tr\u00f9ng ru\u1ed9t non tr\u00ean g\u00e0 h\u1eadu b\u1ecb&#8230;<\/p>\n","protected":false},"featured_media":2704,"comment_status":"open","ping_status":"closed","template":"","meta":[],"dang_san_pham":[118],"product_brand":[],"product_cat":[62,59,60,61,65,114],"product_tag":[338],"class_list":{"0":"post-2703","1":"product","2":"type-product","3":"status-publish","4":"has-post-thumbnail","6":"dang_san_pham-dang-bot-tan","7":"product_cat-san-pham-cho-dai-gia-suc","8":"product_cat-san-pham-cho-ga","9":"product_cat-san-pham-cho-heo","10":"product_cat-san-pham-cho-thuy-cam","11":"product_cat-san-pham-cho-vat-nuoi-khac","12":"product_cat-thuoc-thu-y","13":"product_tag-vetpro","15":"first","16":"instock","17":"shipping-taxable","18":"product-type-simple"},"acf":[],"_links":{"self":[{"href":"https:\/\/greenvet.sharecode.io.vn\/index.php?rest_route=\/wp\/v2\/product\/2703","targetHints":{"allow":["GET"]}}],"collection":[{"href":"https:\/\/greenvet.sharecode.io.vn\/index.php?rest_route=\/wp\/v2\/product"}],"about":[{"href":"https:\/\/greenvet.sharecode.io.vn\/index.php?rest_route=\/wp\/v2\/types\/product"}],"replies":[{"embeddable":true,"href":"https:\/\/greenvet.sharecode.io.vn\/index.php?rest_route=%2Fwp%2Fv2%2Fcomments&post=2703"}],"wp:featuredmedia":[{"embeddable":true,"href":"https:\/\/greenvet.sharecode.io.vn\/index.php?rest_route=\/wp\/v2\/media\/2704"}],"wp:attachment":[{"href":"https:\/\/greenvet.sharecode.io.vn\/index.php?rest_route=%2Fwp%2Fv2%2Fmedia&parent=2703"}],"wp:term":[{"taxonomy":"dang_san_pham","embeddable":true,"href":"https:\/\/greenvet.sharecode.io.vn\/index.php?rest_route=%2Fwp%2Fv2%2Fdang_san_pham&post=2703"},{"taxonomy":"product_brand","embeddable":true,"href":"https:\/\/greenvet.sharecode.io.vn\/index.php?rest_route=%2Fwp%2Fv2%2Fproduct_brand&post=2703"},{"taxonomy":"product_cat","embeddable":true,"href":"https:\/\/greenvet.sharecode.io.vn\/index.php?rest_route=%2Fwp%2Fv2%2Fproduct_cat&post=2703"},{"taxonomy":"product_tag","embeddable":true,"href":"https:\/\/greenvet.sharecode.io.vn\/index.php?rest_route=%2Fwp%2Fv2%2Fproduct_tag&post=2703"}],"curies":[{"name":"wp","href":"https:\/\/api.w.org\/{rel}","templated":true}]}}